{"id":6659,"date":"2023-09-06T15:44:07","date_gmt":"2023-09-06T13:44:07","guid":{"rendered":"https:\/\/dev1.web1.rankingroad.it\/salsamenteriadiparma.com\/franchising\/"},"modified":"2025-09-02T15:00:05","modified_gmt":"2025-09-02T13:00:05","slug":"franchising","status":"publish","type":"page","link":"https:\/\/www.salsamenteriadiparma.com\/en\/franchising\/","title":{"rendered":"Franchising"},"content":{"rendered":"\t\t<div data-elementor-type=\"wp-page\" data-elementor-id=\"6659\" class=\"elementor elementor-6659 elementor-6343\" data-elementor-post-type=\"page\">\n\t\t\t\t\t\t<section class=\"elementor-section elementor-top-section elementor-element elementor-element-be2d3dd elementor-section-full_width elementor-reverse-tablet elementor-reverse-mobile elementor-section-height-default elementor-section-height-default eltdf-parallax-row-no eltdf-content-aligment-left eltdf-elementor-row-grid-no eltdf-disabled-bg-image-bellow-no\" data-id=\"be2d3dd\" data-element_type=\"section\" data-settings=\"{&quot;jet_parallax_layout_list&quot;:[]}\">\n\t\t\t\t\t\t<div class=\"elementor-container elementor-column-gap-default\">\n\t\t\t\t\t<div class=\"elementor-column elementor-col-50 elementor-top-column elementor-element elementor-element-a3e5f1d\" data-id=\"a3e5f1d\" data-element_type=\"column\" data-settings=\"{&quot;background_background&quot;:&quot;classic&quot;}\">\n\t\t\t<div class=\"elementor-widget-wrap elementor-element-populated\">\n\t\t\t\t\t\t<div class=\"elementor-element elementor-element-f3b35e2 elementor-hidden-desktop elementor-widget elementor-widget-spacer\" data-id=\"f3b35e2\" data-element_type=\"widget\" data-widget_type=\"spacer.default\">\n\t\t\t\t<div class=\"elementor-widget-container\">\n\t\t\t\t\t\t\t<div class=\"elementor-spacer\">\n\t\t\t<div class=\"elementor-spacer-inner\"><\/div>\n\t\t<\/div>\n\t\t\t\t\t\t<\/div>\n\t\t\t\t<\/div>\n\t\t\t\t\t<\/div>\n\t\t<\/div>\n\t\t\t\t<div class=\"elementor-column elementor-col-50 elementor-top-column elementor-element elementor-element-3f298a3\" data-id=\"3f298a3\" data-element_type=\"column\" data-settings=\"{&quot;background_background&quot;:&quot;classic&quot;}\">\n\t\t\t<div class=\"elementor-widget-wrap elementor-element-populated\">\n\t\t\t\t\t\t<div class=\"elementor-element elementor-element-420bd99 elementor-widget elementor-widget-eltdf_section_title\" data-id=\"420bd99\" data-element_type=\"widget\" data-widget_type=\"eltdf_section_title.default\">\n\t\t\t\t<div class=\"elementor-widget-container\">\n\t\t\t\t\t<div class=\"eltdf-section-title-holder titolo-blocco-standard-home   \" style=\"padding: 0 10%;text-align: center\">\n\t<div class=\"eltdf-st-inner\">\n                    <span class=\"eltdf-st-tagline\">\n                Salsamenteria di Parma            <\/span>\n        \t\t            <div class=\"eltdf-st-title-holder\">\n                                <h2 class=\"eltdf-st-title\" >\n                    Franchising                <\/h2>\n                            <\/div>\n\t\t\t\t\t\t\t<p class=\"eltdf-st-text\" >\n\t\t\t\tThe franchise is our main system of development.\nIt is important to note that the appointing of the franchise brand is very selective, because the venue run by the future franchisee will have to be appropriate and in line with the image projected by those managed directly by us.\nOur franchisee will face a training course and, as our director, will be subject to various moments of verification.\nOnly later if the candidate is suitable to manage a local Salsamenteria di Parma will he or she be able to obtain a certification that allows them to become our franchisee.\nTraining requires a commitment of about 3-6 months within our chain of restaurants.\t\t\t<\/p>\n\t\t\t\t\t<\/div>\n<\/div>\t\t\t\t<\/div>\n\t\t\t\t<\/div>\n\t\t\t\t<div class=\"elementor-element elementor-element-16596ae elementor-widget__width-auto elementor-widget elementor-widget-eltdf_button\" data-id=\"16596ae\" data-element_type=\"widget\" data-widget_type=\"eltdf_button.default\">\n\t\t\t\t<div class=\"elementor-widget-container\">\n\t\t\t\t\t<a itemprop=\"url\" href=\"mailto:franchising@salsamenteriadiparma.com\" target=\"_self\"  class=\"eltdf-btn eltdf-btn-medium eltdf-btn-outline\"  >\n        <span class=\"eltdf-btn-text\">for info contact us<\/span>\n        <\/a>\t\t\t\t<\/div>\n\t\t\t\t<\/div>\n\t\t\t\t\t<\/div>\n\t\t<\/div>\n\t\t\t\t\t<\/div>\n\t\t<\/section>\n\t\t\t\t<section class=\"eltdf-parallax-row-holder elementor-section elementor-top-section elementor-element elementor-element-85bcce9 eltdf-parallax-row-holder eltdf-elementor-row-grid-section elementor-section-boxed elementor-section-height-default elementor-section-height-default eltdf-content-aligment-left eltdf-disabled-bg-image-bellow-no\" data-parallax-bg-speed=\"1\" data-parallax-bg-image=\"https:\/\/www.salsamenteriadiparma.com\/wp-content\/uploads\/2023\/08\/bg-video-salsamenteria-small.jpg\" data-parallax-bg-height=\"0\" data-id=\"85bcce9\" data-element_type=\"section\" data-settings=\"{&quot;elated_parallax_image&quot;:{&quot;url&quot;:&quot;https:\\\/\\\/www.salsamenteriadiparma.com\\\/wp-content\\\/uploads\\\/2023\\\/08\\\/bg-video-salsamenteria-small.jpg&quot;,&quot;id&quot;:4890,&quot;size&quot;:&quot;&quot;,&quot;alt&quot;:&quot;&quot;,&quot;source&quot;:&quot;library&quot;},&quot;jet_parallax_layout_list&quot;:[]}\">\n\t\t\t\t\t\t<div class=\"elementor-container elementor-column-gap-default\">\n\t\t\t\t\t<div class=\"elementor-column elementor-col-100 elementor-top-column elementor-element elementor-element-56eb911\" data-id=\"56eb911\" data-element_type=\"column\">\n\t\t\t<div class=\"elementor-widget-wrap elementor-element-populated\">\n\t\t\t\t\t\t<div class=\"elementor-element elementor-element-7166fb4 elementor-widget__width-auto elementor-widget elementor-widget-eltdf_video_button\" data-id=\"7166fb4\" data-element_type=\"widget\" data-widget_type=\"eltdf_video_button.default\">\n\t\t\t\t<div class=\"elementor-widget-container\">\n\t\t\t\t\t<div class=\"eltdf-video-button-holder  \">\n\t<div class=\"eltdf-video-button-image\">\n\t\t\t<\/div>\n\t    <a class=\"eltdf-video-button-play\" style=\"color: #644C17\" href=\"https:\/\/www.youtube.com\/watch?v=5ufw9qcPNvM&#038;t=9s?iframe=true\" data-rel=\"prettyPhoto[video_button_pretty_photo_651]\" target=\"_blank\" rel=\"noopener\">\n\t\t\t<span class=\"eltdf-video-button-play-inner\">\n\t\t\t\t<span>\n          <svg xmlns=\"http:\/\/www.w3.org\/2000\/svg\" xmlns:xlink=\"http:\/\/www.w3.org\/1999\/xlink\" x=\"0px\" y=\"0px\" width=\"97.094px\" height=\"97.094px\" viewBox=\"0 0 97.094 97.094\" enable-background=\"new 0 0 97.094 97.094\" xml:space=\"preserve\">\n            <circle fill=\"none\" stroke=\"currentColor\" stroke-miterlimit=\"10\" cx=\"48.558\" cy=\"48.548\" r=\"48\"\/>\n            <circle fill=\"none\" class=\"eltdf-popout\" stroke=\"none\" stroke-miterlimit=\"10\" cx=\"48.558\" cy=\"48.548\" r=\"41.037\"\/>\n            <polygon fill=\"none\" stroke=\"currentColor\" stroke-miterlimit=\"10\" points=\"42.578,69.964 42.578,27.13 63.994,48.546 \"\/>\n          <\/svg>\n        <\/span>\n\t\t\t<\/span>\n\t\t<\/a>\n\t<\/div>\t\t\t\t<\/div>\n\t\t\t\t<\/div>\n\t\t\t\t\t<\/div>\n\t\t<\/div>\n\t\t\t\t\t<\/div>\n\t\t<\/section>\n\t\t\t\t<section class=\"elementor-section elementor-top-section elementor-element elementor-element-7a9ce99 elementor-section-boxed elementor-section-height-default elementor-section-height-default eltdf-parallax-row-no eltdf-content-aligment-left eltdf-elementor-row-grid-no eltdf-disabled-bg-image-bellow-no\" data-id=\"7a9ce99\" data-element_type=\"section\" data-settings=\"{&quot;jet_parallax_layout_list&quot;:[]}\">\n\t\t\t\t\t\t<div class=\"elementor-container elementor-column-gap-default\">\n\t\t\t\t\t<div class=\"elementor-column elementor-col-100 elementor-top-column elementor-element elementor-element-5f926d2\" data-id=\"5f926d2\" data-element_type=\"column\">\n\t\t\t<div class=\"elementor-widget-wrap elementor-element-populated\">\n\t\t\t\t\t\t<div class=\"elementor-element elementor-element-ddde3d0 elementor-widget elementor-widget-eltdf_testimonials\" data-id=\"ddde3d0\" data-element_type=\"widget\" data-widget_type=\"eltdf_testimonials.default\">\n\t\t\t\t<div class=\"elementor-widget-container\">\n\t\t\t\t\t<div class=\"eltdf-testimonials-holder clearfix eltdf-testimonials-standard \">\n    <div class=\"eltdf-testimonials-mark\"><\/div>\n    <div class=\"eltdf-testimonials eltdf-owl-slider\" data-number-of-items=\"1\" data-enable-loop=\"yes\" data-enable-autoplay=\"yes\" data-slider-speed=\"5000\" data-slider-speed-animation=\"600\" data-enable-navigation=\"yes\" data-enable-pagination=\"yes\" >\n\n    \n            <div class=\"eltdf-testimonial-content\" id=\"eltdf-testimonials-6709\">\n                <div class=\"eltdf-testimonial-text-holder\">\n                                                                <p class=\"eltdf-testimonial-text\">La Salsamenteria di Parma \u00e8 sempre una garanzia! Non mi sono mai trovata male, il locale \u00e8 molto bello, personale attento e cordiale, cibo servito tutto buonissimo comprese le salsine! Qualit\u00e0 - prezzo ottima! Lo consiglio!<\/p>\n                                                                <h5 class=\"eltdf-testimonial-author\">\n                            <span class=\"eltdf-testimonials-author-name\">Chiara Mazzetti<\/span>\n                        <\/h5>\n                                                        <\/div>\n                            <\/div>\n\n    \n            <div class=\"eltdf-testimonial-content\" id=\"eltdf-testimonials-6711\">\n                <div class=\"eltdf-testimonial-text-holder\">\n                                                                <p class=\"eltdf-testimonial-text\">La qualit\u00e0 dei salumi e dei formaggi ha riportato la mia mente ai sapori dell&#039;infanzia. La gentilezza del personale e il contesto rendono piacevole il tempo trascorso  sia per uno spuntino che per  un pranzo pi\u00f9 completo ad un prezzo accettabile.<\/p>\n                                                                <h5 class=\"eltdf-testimonial-author\">\n                            <span class=\"eltdf-testimonials-author-name\">Pierluigi Verganti<\/span>\n                        <\/h5>\n                                                        <\/div>\n                            <\/div>\n\n    \n            <div class=\"eltdf-testimonial-content\" id=\"eltdf-testimonials-6713\">\n                <div class=\"eltdf-testimonial-text-holder\">\n                                                                <p class=\"eltdf-testimonial-text\">Uno dei miei ristoranti preferiti dove passare la mia pausa pranzo. Il clima \u00e8 familiare, il servizio  \u00e8 veloce e gentile, ma soprattutto la qualit\u00e0 dei piatti \u00e8 sublime. Trattasi prevalentemente di cucina emiliana, e posso confermare che i loro piatti sono addirittura pi\u00f9 buoni di tanti piatti assaggiati nella stessa Emilia Romagna. Consiglio assolutamente di assaggiare i loro tortelli di zucca, o in alternativa il tris di tortelli, e gli anolini di Zibello con rag\u00f9 di culatello!<\/p>\n                                                                <h5 class=\"eltdf-testimonial-author\">\n                            <span class=\"eltdf-testimonials-author-name\">Costantino Coco<\/span>\n                        <\/h5>\n                                                        <\/div>\n                            <\/div>\n\n    \n            <div class=\"eltdf-testimonial-content\" id=\"eltdf-testimonials-6715\">\n                <div class=\"eltdf-testimonial-text-holder\">\n                                                                <p class=\"eltdf-testimonial-text\">Bel locale molto affollato nel cuore di Milano dove si pu\u00f2 gustare uno spicchio di Emilia. Ragazzi bravi, cortesi e celeri. Abbiamo mangiato un tagliere di salumi e formaggi e degli ottimi ravioli. Assolutamente consigliato, cos\u00ec come la prenotazione.<\/p>\n                                                                <h5 class=\"eltdf-testimonial-author\">\n                            <span class=\"eltdf-testimonials-author-name\">La Valigia Sul Letto<\/span>\n                        <\/h5>\n                                                        <\/div>\n                            <\/div>\n\n    \n            <div class=\"eltdf-testimonial-content\" id=\"eltdf-testimonials-6717\">\n                <div class=\"eltdf-testimonial-text-holder\">\n                                                                <p class=\"eltdf-testimonial-text\">Amazing traditional Parma food! Make sure to order Anolini, lasagna all\u2019Emiliana, Tagliatelle al Ragu di chianina and obviously parmigiana di melanzane. Polenta fritta con gorgonzola is also amazing!!!<\/p>\n                                                                <h5 class=\"eltdf-testimonial-author\">\n                            <span class=\"eltdf-testimonials-author-name\">Flavio Zanetti<\/span>\n                        <\/h5>\n                                                        <\/div>\n                            <\/div>\n\n    \n            <div class=\"eltdf-testimonial-content\" id=\"eltdf-testimonials-6719\">\n                <div class=\"eltdf-testimonial-text-holder\">\n                                                                <p class=\"eltdf-testimonial-text\">Andiamo spesso mangiare da loro e soprattutto il prosciutto \u00e8 favoloso. Il personale sempre disponibile e il locale decisamente caratteristico. Lo consiglio a tutti!!!!!!!!<\/p>\n                                                                <h5 class=\"eltdf-testimonial-author\">\n                            <span class=\"eltdf-testimonials-author-name\">Luisa Gervasoni<\/span>\n                        <\/h5>\n                                                        <\/div>\n                            <\/div>\n\n    \n    <\/div>\n<\/div>\t\t\t\t<\/div>\n\t\t\t\t<\/div>\n\t\t\t\t\t<\/div>\n\t\t<\/div>\n\t\t\t\t\t<\/div>\n\t\t<\/section>\n\t\t\t\t<section class=\"elementor-section elementor-top-section elementor-element elementor-element-90fb791 elementor-section-full_width elementor-section-height-default elementor-section-height-default eltdf-parallax-row-no eltdf-content-aligment-left eltdf-elementor-row-grid-no eltdf-disabled-bg-image-bellow-no\" data-id=\"90fb791\" data-element_type=\"section\" data-settings=\"{&quot;jet_parallax_layout_list&quot;:[],&quot;background_background&quot;:&quot;classic&quot;}\">\n\t\t\t\t\t\t<div class=\"elementor-container elementor-column-gap-default\">\n\t\t\t\t\t<div class=\"elementor-column elementor-col-100 elementor-top-column elementor-element elementor-element-f038d58\" data-id=\"f038d58\" data-element_type=\"column\">\n\t\t\t<div class=\"elementor-widget-wrap elementor-element-populated\">\n\t\t\t\t\t\t<div class=\"elementor-element elementor-element-d0be692 elementor-widget elementor-widget-template\" data-id=\"d0be692\" data-element_type=\"widget\" data-widget_type=\"template.default\">\n\t\t\t\t<div class=\"elementor-widget-container\">\n\t\t\t\t\t\t\t<div class=\"elementor-template\">\n\t\t\t\t\t<div data-elementor-type=\"section\" data-elementor-id=\"6699\" class=\"elementor elementor-6699 elementor-4898\" data-elementor-post-type=\"elementor_library\">\n\t\t\t\t\t<section class=\"elementor-section elementor-top-section elementor-element elementor-element-5fde840 elementor-section-full_width elementor-section-height-default elementor-section-height-default eltdf-parallax-row-no eltdf-content-aligment-left eltdf-elementor-row-grid-no eltdf-disabled-bg-image-bellow-no\" data-id=\"5fde840\" data-element_type=\"section\" data-settings=\"{&quot;jet_parallax_layout_list&quot;:[],&quot;background_background&quot;:&quot;classic&quot;}\">\n\t\t\t\t\t\t<div class=\"elementor-container elementor-column-gap-default\">\n\t\t\t\t\t<div class=\"elementor-column elementor-col-100 elementor-top-column elementor-element elementor-element-fa25fed\" data-id=\"fa25fed\" data-element_type=\"column\">\n\t\t\t<div class=\"elementor-widget-wrap elementor-element-populated\">\n\t\t\t\t\t\t<section class=\"elementor-section elementor-inner-section elementor-element elementor-element-9bfaa67 elementor-section-boxed elementor-section-height-default elementor-section-height-default eltdf-parallax-row-no eltdf-content-aligment-left eltdf-elementor-row-grid-no eltdf-disabled-bg-image-bellow-no\" data-id=\"9bfaa67\" data-element_type=\"section\" data-settings=\"{&quot;jet_parallax_layout_list&quot;:[]}\">\n\t\t\t\t\t\t<div class=\"elementor-container elementor-column-gap-default\">\n\t\t\t\t\t<div class=\"elementor-column elementor-col-50 elementor-inner-column elementor-element elementor-element-062700b\" data-id=\"062700b\" data-element_type=\"column\">\n\t\t\t<div class=\"elementor-widget-wrap elementor-element-populated\">\n\t\t\t\t\t\t<div class=\"elementor-element elementor-element-28f0364 elementor-widget elementor-widget-heading\" data-id=\"28f0364\" data-element_type=\"widget\" data-widget_type=\"heading.default\">\n\t\t\t\t<div class=\"elementor-widget-container\">\n\t\t\t\t\t<h2 class=\"elementor-heading-title elementor-size-default\">FOR US, YOU ARE SPECIAL, AND WE WANT TO REWARD YOUR LOYALTY.\n<\/h2>\t\t\t\t<\/div>\n\t\t\t\t<\/div>\n\t\t\t\t<div class=\"elementor-element elementor-element-8f7af5d elementor-widget elementor-widget-text-editor\" data-id=\"8f7af5d\" data-element_type=\"widget\" data-widget_type=\"text-editor.default\">\n\t\t\t\t<div class=\"elementor-widget-container\">\n\t\t\t\t\t\t\t\t\t<p>Every 100 points, we give you a 10% discount.<\/p>\t\t\t\t\t\t\t\t<\/div>\n\t\t\t\t<\/div>\n\t\t\t\t<div class=\"elementor-element elementor-element-5d549a5 elementor-mobile-align-center elementor-widget elementor-widget-button\" data-id=\"5d549a5\" data-element_type=\"widget\" data-widget_type=\"button.default\">\n\t\t\t\t<div class=\"elementor-widget-container\">\n\t\t\t\t\t\t\t\t\t<div class=\"elementor-button-wrapper\">\n\t\t\t\t\t<a class=\"elementor-button elementor-button-link elementor-size-sm\" href=\"http:\/\/fidelity.salsamenteriadiparma.com\" target=\"_blank\">\n\t\t\t\t\t\t<span class=\"elementor-button-content-wrapper\">\n\t\t\t\t\t\t\t\t\t<span class=\"elementor-button-text\">REQUEST YOUR<br> FIDELITY CARD NOW<\/span>\n\t\t\t\t\t<\/span>\n\t\t\t\t\t<\/a>\n\t\t\t\t<\/div>\n\t\t\t\t\t\t\t\t<\/div>\n\t\t\t\t<\/div>\n\t\t\t\t\t<\/div>\n\t\t<\/div>\n\t\t\t\t<div class=\"elementor-column elementor-col-50 elementor-inner-column elementor-element elementor-element-7929025\" data-id=\"7929025\" data-element_type=\"column\">\n\t\t\t<div class=\"elementor-widget-wrap elementor-element-populated\">\n\t\t\t\t\t\t<div class=\"elementor-element elementor-element-4f0380d elementor-widget elementor-widget-image\" data-id=\"4f0380d\" data-element_type=\"widget\" data-widget_type=\"image.default\">\n\t\t\t\t<div class=\"elementor-widget-container\">\n\t\t\t\t\t\t\t\t\t\t\t\t\t\t\t<img fetchpriority=\"high\" decoding=\"async\" width=\"1013\" height=\"647\" src=\"https:\/\/www.salsamenteriadiparma.com\/wp-content\/uploads\/2023\/08\/Fidelity-Club-Salsamenteria.webp\" class=\"attachment-large size-large wp-image-5751\" alt=\"\" srcset=\"https:\/\/www.salsamenteriadiparma.com\/wp-content\/uploads\/2023\/08\/Fidelity-Club-Salsamenteria.webp 1013w, https:\/\/www.salsamenteriadiparma.com\/wp-content\/uploads\/2023\/08\/Fidelity-Club-Salsamenteria-300x192.webp 300w, https:\/\/www.salsamenteriadiparma.com\/wp-content\/uploads\/2023\/08\/Fidelity-Club-Salsamenteria-768x491.webp 768w\" sizes=\"(max-width: 1013px) 100vw, 1013px\">\t\t\t\t\t\t\t\t\t\t\t\t\t\t\t<\/div>\n\t\t\t\t<\/div>\n\t\t\t\t\t<\/div>\n\t\t<\/div>\n\t\t\t\t\t<\/div>\n\t\t<\/section>\n\t\t\t\t\t<\/div>\n\t\t<\/div>\n\t\t\t\t\t<\/div>\n\t\t<\/section>\n\t\t\t\t<\/div>\n\t\t\t\t<\/div>\n\t\t\t\t\t\t<\/div>\n\t\t\t\t<\/div>\n\t\t\t\t\t<\/div>\n\t\t<\/div>\n\t\t\t\t\t<\/div>\n\t\t<\/section>\n\t\t\t\t<\/div>\n\t\t","protected":false},"excerpt":{"rendered":"<p>Salsamenteria di Parma Franchising The franchise is our main system of development. It is important to note that the appointing of the franchise brand is very selective, because the venue run by the future franchisee will have to be appropriate and in line with the image projected by those managed directly by us. Our franchisee will face a training course [&hellip;]<\/p>\n","protected":false},"author":1,"featured_media":0,"parent":0,"menu_order":0,"comment_status":"closed","ping_status":"closed","template":"full-width.php","meta":{"inline_featured_image":false,"footnotes":""},"class_list":["post-6659","page","type-page","status-publish","hentry"],"_links":{"self":[{"href":"https:\/\/www.salsamenteriadiparma.com\/en\/wp-json\/wp\/v2\/pages\/6659","targetHints":{"allow":["GET"]}}],"collection":[{"href":"https:\/\/www.salsamenteriadiparma.com\/en\/wp-json\/wp\/v2\/pages"}],"about":[{"href":"https:\/\/www.salsamenteriadiparma.com\/en\/wp-json\/wp\/v2\/types\/page"}],"author":[{"embeddable":true,"href":"https:\/\/www.salsamenteriadiparma.com\/en\/wp-json\/wp\/v2\/users\/1"}],"replies":[{"embeddable":true,"href":"https:\/\/www.salsamenteriadiparma.com\/en\/wp-json\/wp\/v2\/comments?post=6659"}],"version-history":[{"count":19,"href":"https:\/\/www.salsamenteriadiparma.com\/en\/wp-json\/wp\/v2\/pages\/6659\/revisions"}],"predecessor-version":[{"id":8915,"href":"https:\/\/www.salsamenteriadiparma.com\/en\/wp-json\/wp\/v2\/pages\/6659\/revisions\/8915"}],"wp:attachment":[{"href":"https:\/\/www.salsamenteriadiparma.com\/en\/wp-json\/wp\/v2\/media?parent=6659"}],"curies":[{"name":"wp","href":"https:\/\/api.w.org\/{rel}","templated":true}]}}